{"id":3409,"date":"2024-04-10T13:23:36","date_gmt":"2024-04-10T19:23:36","guid":{"rendered":"https:\/\/www.smiles4kidsgreeley.com\/?page_id=3409"},"modified":"2024-08-06T09:08:18","modified_gmt":"2024-08-06T15:08:18","slug":"coronas-dentales","status":"publish","type":"page","link":"https:\/\/www.smiles4kidsgreeley.com\/es\/services\/general-dentist-for-children\/dental-crowns\/","title":{"rendered":"Coronas Dentales"},"content":{"rendered":"<h2>Coronas dentales para ni\u00f1os en Greeley, CO<\/h2>\n<p>Aunque nuestros dientes son muy fuertes, pueden sufrir da\u00f1os tales como caries, grietas o astillamientos. Si son demasiado graves, es posible que un empaste no baste para repararlos, por lo que nuestros dentistas suelen recomendar una corona dental. Si tu hijo sufre de dolor dental, puede ser debido a que tenga comida retenida entre los dientes, o bien una caries. Para tratar un dolor de muelas, primero debes <a href=\"\/es\/servicios\/cuidado-dental-preventivo\/uso-del-hilo-dental\/\">pasar hilo dental<\/a> entre los dientes del ni\u00f1o y enjuagarle la boca con agua para eliminar los restos. Si el dolor contin\u00faa, es necesaria una visita al dentista.<\/p>\n<p>Utilizamos <a href=\"\/es\/servicios\/cuidado-dental-preventivo\/radiografias-digitales\/\">radiograf\u00edas<\/a>, fotos intraorales y un examen visual para averiguar el alcance de la caries, fisura o astillamiento profundo. Una vez obtenida esta informaci\u00f3n, nuestro dentista infantil de Greeley explicar\u00e1 lo que ha encontrado. Podemos ense\u00f1arte las radiograf\u00edas y las fotos intraorales para que entiendas perfectamente el diagn\u00f3stico del dentista, as\u00ed como la recomendaci\u00f3n de tratamiento.<\/p>\n<p>Si tu hijo necesita una corona, no retrases el tratamiento, ni siquiera si se trata de un diente de leche. El problema empeorar\u00e1, provocando dolores de muelas m\u00e1s dolorosos y da\u00f1os m\u00e1s importantes en el diente afectado y en las estructuras que lo rodean.<\/p>\n<blockquote>\n<h5><em> <img loading=\"lazy\" decoding=\"async\" class=\"alignnone wp-image-3764\" src=\"https:\/\/www.smiles4kidsgreeley.com\/wp-content\/uploads\/2024\/08\/lightbulb.png\" alt=\"\" width=\"35\" height=\"35\" \/>\u00bfSAB\u00cdAS QU\u00c9? <\/em><\/h5>\n<p> Las estad\u00edsticas revelan que casi el 60% de los ni\u00f1os estadounidenses tienen una o varias caries a la edad de cinco a\u00f1os.<\/em><\/p><\/blockquote>\n<h2>\u00bfQu\u00e9 es una corona dental?<\/h2>\n<p>Las coronas dentales son cubiertas o fundas con forma de diente que refuerzan la pieza dental por todos sus lados sobre la l\u00ednea de las enc\u00edas. Las coronas que recomendamos con m\u00e1s frecuencia para los dientes de leche son las de acero inoxidable o las de tiras de composite. Las coronas de acero inoxidable pueden colocarse el mismo d\u00eda. Las coronas de tiras de composite (para los dientes frontales) tambi\u00e9n se colocan en una sola visita, pero requieren m\u00e1s tiempo, as\u00ed como m\u00e1s habilidad. A menudo administramos anestesia general para que tu hijo est\u00e9 c\u00f3modo mientras nuestro dentista coloca las coronas de tira de composite. La sedaci\u00f3n la administra un profesional certificado.<\/p>\n<p>Para reparar las piezas dentales frontales definitivas, no las de leche, podemos utilizar coronas de porcelana o cer\u00e1mica del mismo color que el diente. Los molares definitivos normalmente necesitan una corona met\u00e1lica o de circonio c\u00fabico para que duren m\u00e1s.<\/p>\n<p>Si no sabes si tu hijo necesita una corona en un diente de leche, ten en cuenta lo siguiente:<\/p>\n<ul>\n<li>Una corona dental protege todo el diente de la caries.<\/li>\n<li>Las coronas pueden evitar el dolor y la p\u00e9rdida de piezas dentales.<\/li>\n<li>Las coronas ayudan a corregir el desarrollo mandibular y muscular.<\/li>\n<li>Las coronas restauran los dientes, lo que ayuda al desarrollo del habla.<\/li>\n<li>Las coronas devuelven la forma y el tama\u00f1o adecuados a un diente da\u00f1ado, y esto contribuye al correcto desarrollo de los dientes definitivos.<\/li>\n<\/ul>\n<h2>Tipos de coronas para ni\u00f1os y adolescentes<\/h2>\n<p>Hay muchos tipos de coronas dentales. A continuaci\u00f3n te indicamos algunas opciones disponibles:<\/p>\n<h3>Coronas de acero inoxidable<\/h3>\n<p>Para reparar los molares primarios (dientes de leche posteriores), nuestro dentista infantil suele utilizar acero inoxidable de color plateado. Colocamos estas coronas en una \u00fanica visita, y duran a\u00f1os.<\/p>\n<h3>Coronas de porcelana (PFM)<\/h3>\n<p>Para que la sonrisa de tu hijo conserve toda su blancura, el dentista puede recomendarte una corona de porcelana fundida sobre metal para reparar un diente frontal da\u00f1ado. Estas coronas consisten en una base met\u00e1lica recubierta de porcelana del color del diente. Hacemos coincidir el tono de la porcelana con el de los dientes adyacentes para que su aspecto sea uniforme.<\/p>\n<h3>Coronas de tira de composite<\/h3>\n<p>Para que la restauraci\u00f3n de los dientes de leche delanteros tenga un aspecto lo m\u00e1s natural posible, nuestro dentista puede aconsejarte una corona de tira de composite. Estas coronas a base de resina se colorean a medida para adaptarse a los dientes circundantes. La colocaci\u00f3n de coronas de tira de composite es un procedimiento complejo y bastante largo, por lo que solemos administrar anestesia general para que el ni\u00f1o se sienta c\u00f3modo.<\/p>\n<h3>Coronas de circonio<\/h3>\n<p>Es probable que te suene la circonita. Es un mineral sint\u00e9tico que se utiliza para crear diamantes artificiales de aspecto natural. En odontolog\u00eda, utilizamos este material extremadamente resistente para fabricar coronas blancas para los molares. Las coronas de circonio facilitan una restauraci\u00f3n fuerte, fiable y duradera que mantiene una sonrisa blanca y bonita.<\/p>\n<h2>Devuelve la sonrisa a tu hijo con una corona dental<\/h2>\n<p>Te ayudamos a que tu hijo evite los riesgos asociados a las caries, astillas, grietas, enfermedades de las enc\u00edas y otros problemas de salud bucodental. Al facilitar a padres e hijos informaci\u00f3n sobre c\u00f3mo cepillarse los dientes y usar el hilo dental correctamente, podemos favorecer la salud bucodental de tus hijos durante toda su infancia.<\/p>\n<p><a href=\"\/es\/contacto\/\">contacto con nosotros<\/a> Smiles 4 Kids hoy mismo para programar un examen, revisi\u00f3n, limpieza o consulta de ortodoncia en Greeley.<\/p>","protected":false},"excerpt":{"rendered":"<p>Las coronas dentales infantiles son fundas con la forma del diente destinadas a reforzarlo por encima de la l\u00ednea de las enc\u00edas. \u00a1Descubre m\u00e1s cosas sobre las coronas dentales infantiles en Greeley visitando hoy mismo Smiles 4 Kids! <\/p>","protected":false},"author":2,"featured_media":3425,"parent":3299,"menu_order":0,"comment_status":"closed","ping_status":"closed","template":"","meta":{"_et_pb_use_builder":"","_et_pb_old_content":"","_et_gb_content_width":"","_monsterinsights_skip_tracking":false,"_monsterinsights_sitenote_active":false,"_monsterinsights_sitenote_note":"","_monsterinsights_sitenote_category":0,"footnotes":""},"class_list":["post-3409","page","type-page","status-publish","has-post-thumbnail","hentry"],"aioseo_notices":[],"aioseo_head":"\n\t\t<!-- All in One SEO Pro 4.9.5.2 - aioseo.com -->\n\t<meta name=\"description\" content=\"Dental crowns are tooth-shaped coverings that reinforce a tooth on all sides above the gum line. Crowns restore teeth damaged by cavities, cracks, or deep chips.\" \/>\n\t<meta name=\"robots\" content=\"max-image-preview:large\" \/>\n\t<meta name=\"google-site-verification\" content=\"1CEf35imX6KaM9ZUo80O-25lFt-qKL50piXIaFYWu_Y\" \/>\n\t<link rel=\"canonical\" href=\"https:\/\/www.smiles4kidsgreeley.com\/es\/services\/general-dentist-for-children\/dental-crowns\/\" \/>\n\t<meta name=\"generator\" content=\"All in One SEO Pro (AIOSEO) 4.9.5.2\" \/>\n\t\t<meta property=\"og:locale\" content=\"es_MX\" \/>\n\t\t<meta property=\"og:site_name\" content=\"Smiles 4 Kids | Our dental office is devoted to serving our community and ensuring everyone has affordable access to dental care. We have several payment options available in addition to dental insurance, including Medicaid and CareCredit.\" \/>\n\t\t<meta property=\"og:type\" content=\"company\" \/>\n\t\t<meta property=\"og:title\" content=\"Dental Crowns in Greeley | Smiles 4 Kids\" \/>\n\t\t<meta property=\"og:description\" content=\"Dental crowns are tooth-shaped coverings that reinforce a tooth on all sides above the gum line. Crowns restore teeth damaged by cavities, cracks, or deep chips.\" \/>\n\t\t<meta property=\"og:url\" content=\"https:\/\/www.smiles4kidsgreeley.com\/es\/services\/general-dentist-for-children\/dental-crowns\/\" \/>\n\t\t<meta property=\"og:image\" content=\"https:\/\/www.smiles4kidsgreeley.com\/wp-content\/uploads\/2024\/04\/GirlinPigtailsSmilingOutdoors.jpg\" \/>\n\t\t<meta property=\"og:image:secure_url\" content=\"https:\/\/www.smiles4kidsgreeley.com\/wp-content\/uploads\/2024\/04\/GirlinPigtailsSmilingOutdoors.jpg\" \/>\n\t\t<meta property=\"og:image:width\" content=\"600\" \/>\n\t\t<meta property=\"og:image:height\" content=\"600\" \/>\n\t\t<meta name=\"twitter:card\" content=\"summary_large_image\" \/>\n\t\t<meta name=\"twitter:title\" content=\"Dental Crowns in Greeley | Smiles 4 Kids\" \/>\n\t\t<meta name=\"twitter:description\" content=\"Dental crowns are tooth-shaped coverings that reinforce a tooth on all sides above the gum line. Crowns restore teeth damaged by cavities, cracks, or deep chips.\" \/>\n\t\t<meta name=\"twitter:image\" content=\"https:\/\/www.smiles4kidsgreeley.com\/wp-content\/uploads\/2021\/12\/logo-300x300-1.png\" \/>\n\t\t<script type=\"application\/ld+json\" class=\"aioseo-schema\">\n\t\t\t{\"@context\":\"https:\\\/\\\/schema.org\",\"@graph\":[{\"@type\":\"BreadcrumbList\",\"@id\":\"https:\\\/\\\/www.smiles4kidsgreeley.com\\\/es\\\/services\\\/general-dentist-for-children\\\/dental-crowns\\\/#breadcrumblist\",\"itemListElement\":[{\"@type\":\"ListItem\",\"@id\":\"https:\\\/\\\/www.smiles4kidsgreeley.com\\\/es#listItem\",\"position\":1,\"name\":\"Home\",\"item\":\"https:\\\/\\\/www.smiles4kidsgreeley.com\\\/es\",\"nextItem\":{\"@type\":\"ListItem\",\"@id\":\"https:\\\/\\\/www.smiles4kidsgreeley.com\\\/es\\\/services\\\/#listItem\",\"name\":\"Services\"}},{\"@type\":\"ListItem\",\"@id\":\"https:\\\/\\\/www.smiles4kidsgreeley.com\\\/es\\\/services\\\/#listItem\",\"position\":2,\"name\":\"Services\",\"item\":\"https:\\\/\\\/www.smiles4kidsgreeley.com\\\/es\\\/services\\\/\",\"nextItem\":{\"@type\":\"ListItem\",\"@id\":\"https:\\\/\\\/www.smiles4kidsgreeley.com\\\/es\\\/services\\\/general-dentist-for-children\\\/#listItem\",\"name\":\"General Dentist for Children\"},\"previousItem\":{\"@type\":\"ListItem\",\"@id\":\"https:\\\/\\\/www.smiles4kidsgreeley.com\\\/es#listItem\",\"name\":\"Home\"}},{\"@type\":\"ListItem\",\"@id\":\"https:\\\/\\\/www.smiles4kidsgreeley.com\\\/es\\\/services\\\/general-dentist-for-children\\\/#listItem\",\"position\":3,\"name\":\"General Dentist for Children\",\"item\":\"https:\\\/\\\/www.smiles4kidsgreeley.com\\\/es\\\/services\\\/general-dentist-for-children\\\/\",\"nextItem\":{\"@type\":\"ListItem\",\"@id\":\"https:\\\/\\\/www.smiles4kidsgreeley.com\\\/es\\\/services\\\/general-dentist-for-children\\\/dental-crowns\\\/#listItem\",\"name\":\"Dental Crowns\"},\"previousItem\":{\"@type\":\"ListItem\",\"@id\":\"https:\\\/\\\/www.smiles4kidsgreeley.com\\\/es\\\/services\\\/#listItem\",\"name\":\"Services\"}},{\"@type\":\"ListItem\",\"@id\":\"https:\\\/\\\/www.smiles4kidsgreeley.com\\\/es\\\/services\\\/general-dentist-for-children\\\/dental-crowns\\\/#listItem\",\"position\":4,\"name\":\"Dental Crowns\",\"previousItem\":{\"@type\":\"ListItem\",\"@id\":\"https:\\\/\\\/www.smiles4kidsgreeley.com\\\/es\\\/services\\\/general-dentist-for-children\\\/#listItem\",\"name\":\"General Dentist for Children\"}}]},{\"@type\":\"Organization\",\"@id\":\"https:\\\/\\\/www.smiles4kidsgreeley.com\\\/es\\\/#organization\",\"name\":\"Smiles 4 Kids\",\"description\":\"Our dental office is devoted to serving our community and ensuring everyone has affordable access to dental care. We have several payment options available in addition to dental insurance, including Medicaid and CareCredit.\",\"url\":\"https:\\\/\\\/www.smiles4kidsgreeley.com\\\/es\\\/\",\"email\":\"info@smiles4kidsgreeley.com\",\"telephone\":\"+19705009899\",\"logo\":{\"@type\":\"ImageObject\",\"url\":\"https:\\\/\\\/www.smiles4kidsgreeley.com\\\/wp-content\\\/uploads\\\/2024\\\/05\\\/Logo2.png\",\"@id\":\"https:\\\/\\\/www.smiles4kidsgreeley.com\\\/es\\\/services\\\/general-dentist-for-children\\\/dental-crowns\\\/#organizationLogo\",\"width\":322,\"height\":109},\"image\":{\"@id\":\"https:\\\/\\\/www.smiles4kidsgreeley.com\\\/es\\\/services\\\/general-dentist-for-children\\\/dental-crowns\\\/#organizationLogo\"},\"address\":{\"@id\":\"https:\\\/\\\/www.smiles4kidsgreeley.com\\\/es\\\/#postaladdress\",\"@type\":\"PostalAddress\",\"streetAddress\":\"2400 W. 16th Street, Suite A\",\"postalCode\":\"80634\",\"addressLocality\":\"Greeley\",\"addressRegion\":\"Colorado\",\"addressCountry\":\"US\"}},{\"@type\":\"WebPage\",\"@id\":\"https:\\\/\\\/www.smiles4kidsgreeley.com\\\/es\\\/services\\\/general-dentist-for-children\\\/dental-crowns\\\/#webpage\",\"url\":\"https:\\\/\\\/www.smiles4kidsgreeley.com\\\/es\\\/services\\\/general-dentist-for-children\\\/dental-crowns\\\/\",\"name\":\"Dental Crowns in Greeley | Smiles 4 Kids\",\"description\":\"Dental crowns are tooth-shaped coverings that reinforce a tooth on all sides above the gum line. Crowns restore teeth damaged by cavities, cracks, or deep chips.\",\"inLanguage\":\"es-MX\",\"isPartOf\":{\"@id\":\"https:\\\/\\\/www.smiles4kidsgreeley.com\\\/es\\\/#website\"},\"breadcrumb\":{\"@id\":\"https:\\\/\\\/www.smiles4kidsgreeley.com\\\/es\\\/services\\\/general-dentist-for-children\\\/dental-crowns\\\/#breadcrumblist\"},\"image\":{\"@type\":\"ImageObject\",\"url\":\"https:\\\/\\\/www.smiles4kidsgreeley.com\\\/wp-content\\\/uploads\\\/2024\\\/04\\\/GirlinPigtailsSmilingOutdoors.jpg\",\"@id\":\"https:\\\/\\\/www.smiles4kidsgreeley.com\\\/es\\\/services\\\/general-dentist-for-children\\\/dental-crowns\\\/#mainImage\",\"width\":600,\"height\":600,\"caption\":\"Young Girl in the Grass with Pigtails\"},\"primaryImageOfPage\":{\"@id\":\"https:\\\/\\\/www.smiles4kidsgreeley.com\\\/es\\\/services\\\/general-dentist-for-children\\\/dental-crowns\\\/#mainImage\"},\"datePublished\":\"2024-04-10T13:23:36-06:00\",\"dateModified\":\"2024-08-06T09:08:18-06:00\"},{\"@type\":\"WebSite\",\"@id\":\"https:\\\/\\\/www.smiles4kidsgreeley.com\\\/es\\\/#website\",\"url\":\"https:\\\/\\\/www.smiles4kidsgreeley.com\\\/es\\\/\",\"name\":\"Smiles 4 Kids\",\"alternateName\":\"Smiles 4 Kids Greeley\",\"description\":\"Our dental office is devoted to serving our community and ensuring everyone has affordable access to dental care. We have several payment options available in addition to dental insurance, including Medicaid and CareCredit.\",\"inLanguage\":\"es-MX\",\"publisher\":{\"@id\":\"https:\\\/\\\/www.smiles4kidsgreeley.com\\\/es\\\/#organization\"}}]}\n\t\t<\/script>\n\t\t<!-- All in One SEO Pro -->\r\n\t\t<title>Dental Crowns in Greeley | Smiles 4 Kids<\/title>\n\n","aioseo_head_json":{"title":"Coronas dentales para ni\u00f1os en Greeley | Smiles 4 Kids","description":"Las coronas dentales infantiles son fundas con la forma del diente destinadas a reforzarlo por encima de la l\u00ednea de las enc\u00edas. \u00a1Descubre m\u00e1s cosas sobre las coronas dentales infantiles en Greeley visitando hoy mismo Smiles 4 Kids!","canonical_url":"https:\/\/www.smiles4kidsgreeley.com\/es\/services\/general-dentist-for-children\/dental-crowns\/","robots":"max-image-preview:large","keywords":"","webmasterTools":{"google-site-verification":"1CEf35imX6KaM9ZUo80O-25lFt-qKL50piXIaFYWu_Y","miscellaneous":""},"schema":{"@context":"https:\/\/schema.org","@graph":[{"@type":"BreadcrumbList","@id":"https:\/\/www.smiles4kidsgreeley.com\/es\/services\/general-dentist-for-children\/dental-crowns\/#breadcrumblist","itemListElement":[{"@type":"ListItem","@id":"https:\/\/www.smiles4kidsgreeley.com\/es#listItem","position":1,"name":"Home","item":"https:\/\/www.smiles4kidsgreeley.com\/es","nextItem":{"@type":"ListItem","@id":"https:\/\/www.smiles4kidsgreeley.com\/es\/services\/#listItem","name":"Services"}},{"@type":"ListItem","@id":"https:\/\/www.smiles4kidsgreeley.com\/es\/services\/#listItem","position":2,"name":"Services","item":"https:\/\/www.smiles4kidsgreeley.com\/es\/services\/","nextItem":{"@type":"ListItem","@id":"https:\/\/www.smiles4kidsgreeley.com\/es\/services\/general-dentist-for-children\/#listItem","name":"General Dentist for Children"},"previousItem":{"@type":"ListItem","@id":"https:\/\/www.smiles4kidsgreeley.com\/es#listItem","name":"Home"}},{"@type":"ListItem","@id":"https:\/\/www.smiles4kidsgreeley.com\/es\/services\/general-dentist-for-children\/#listItem","position":3,"name":"General Dentist for Children","item":"https:\/\/www.smiles4kidsgreeley.com\/es\/services\/general-dentist-for-children\/","nextItem":{"@type":"ListItem","@id":"https:\/\/www.smiles4kidsgreeley.com\/es\/services\/general-dentist-for-children\/dental-crowns\/#listItem","name":"Dental Crowns"},"previousItem":{"@type":"ListItem","@id":"https:\/\/www.smiles4kidsgreeley.com\/es\/services\/#listItem","name":"Services"}},{"@type":"ListItem","@id":"https:\/\/www.smiles4kidsgreeley.com\/es\/services\/general-dentist-for-children\/dental-crowns\/#listItem","position":4,"name":"Dental Crowns","previousItem":{"@type":"ListItem","@id":"https:\/\/www.smiles4kidsgreeley.com\/es\/services\/general-dentist-for-children\/#listItem","name":"General Dentist for Children"}}]},{"@type":"Organization","@id":"https:\/\/www.smiles4kidsgreeley.com\/es\/#organization","name":"Smiles 4 Kids","description":"Our dental office is devoted to serving our community and ensuring everyone has affordable access to dental care. We have several payment options available in addition to dental insurance, including Medicaid and CareCredit.","url":"https:\/\/www.smiles4kidsgreeley.com\/es\/","email":"info@smiles4kidsgreeley.com","telephone":"+19705009899","logo":{"@type":"ImageObject","url":"https:\/\/www.smiles4kidsgreeley.com\/wp-content\/uploads\/2024\/05\/Logo2.png","@id":"https:\/\/www.smiles4kidsgreeley.com\/es\/services\/general-dentist-for-children\/dental-crowns\/#organizationLogo","width":322,"height":109},"image":{"@id":"https:\/\/www.smiles4kidsgreeley.com\/es\/services\/general-dentist-for-children\/dental-crowns\/#organizationLogo"},"address":{"@id":"https:\/\/www.smiles4kidsgreeley.com\/es\/#postaladdress","@type":"PostalAddress","streetAddress":"2400 W. 16th Street, Suite A","postalCode":"80634","addressLocality":"Greeley","addressRegion":"Colorado","addressCountry":"US"}},{"@type":"WebPage","@id":"https:\/\/www.smiles4kidsgreeley.com\/es\/services\/general-dentist-for-children\/dental-crowns\/#webpage","url":"https:\/\/www.smiles4kidsgreeley.com\/es\/services\/general-dentist-for-children\/dental-crowns\/","name":"Dental Crowns in Greeley | Smiles 4 Kids","description":"Dental crowns are tooth-shaped coverings that reinforce a tooth on all sides above the gum line. Crowns restore teeth damaged by cavities, cracks, or deep chips.","inLanguage":"es-MX","isPartOf":{"@id":"https:\/\/www.smiles4kidsgreeley.com\/es\/#website"},"breadcrumb":{"@id":"https:\/\/www.smiles4kidsgreeley.com\/es\/services\/general-dentist-for-children\/dental-crowns\/#breadcrumblist"},"image":{"@type":"ImageObject","url":"https:\/\/www.smiles4kidsgreeley.com\/wp-content\/uploads\/2024\/04\/GirlinPigtailsSmilingOutdoors.jpg","@id":"https:\/\/www.smiles4kidsgreeley.com\/es\/services\/general-dentist-for-children\/dental-crowns\/#mainImage","width":600,"height":600,"caption":"Young Girl in the Grass with Pigtails"},"primaryImageOfPage":{"@id":"https:\/\/www.smiles4kidsgreeley.com\/es\/services\/general-dentist-for-children\/dental-crowns\/#mainImage"},"datePublished":"2024-04-10T13:23:36-06:00","dateModified":"2024-08-06T09:08:18-06:00"},{"@type":"WebSite","@id":"https:\/\/www.smiles4kidsgreeley.com\/es\/#website","url":"https:\/\/www.smiles4kidsgreeley.com\/es\/","name":"Smiles 4 Kids","alternateName":"Smiles 4 Kids Greeley","description":"Our dental office is devoted to serving our community and ensuring everyone has affordable access to dental care. We have several payment options available in addition to dental insurance, including Medicaid and CareCredit.","inLanguage":"es-MX","publisher":{"@id":"https:\/\/www.smiles4kidsgreeley.com\/es\/#organization"}}]},"og:locale":"es_MX","og:site_name":"Smiles 4 Kids | Our dental office is devoted to serving our community and ensuring everyone has affordable access to dental care. We have several payment options available in addition to dental insurance, including Medicaid and CareCredit.","og:type":"company","og:title":"Dental Crowns in Greeley | Smiles 4 Kids","og:description":"Dental crowns are tooth-shaped coverings that reinforce a tooth on all sides above the gum line. Crowns restore teeth damaged by cavities, cracks, or deep chips.","og:url":"https:\/\/www.smiles4kidsgreeley.com\/es\/services\/general-dentist-for-children\/dental-crowns\/","og:image":"https:\/\/www.smiles4kidsgreeley.com\/wp-content\/uploads\/2024\/04\/GirlinPigtailsSmilingOutdoors.jpg","og:image:secure_url":"https:\/\/www.smiles4kidsgreeley.com\/wp-content\/uploads\/2024\/04\/GirlinPigtailsSmilingOutdoors.jpg","og:image:width":600,"og:image:height":600,"twitter:card":"summary_large_image","twitter:title":"Dental Crowns in Greeley | Smiles 4 Kids","twitter:description":"Dental crowns are tooth-shaped coverings that reinforce a tooth on all sides above the gum line. Crowns restore teeth damaged by cavities, cracks, or deep chips.","twitter:image":"https:\/\/www.smiles4kidsgreeley.com\/wp-content\/uploads\/2021\/12\/logo-300x300-1.png"},"aioseo_meta_data":{"post_id":"3409","title":null,"description":null,"keywords":null,"keyphrases":{"focus":{"keyphrase":"","score":0,"analysis":{"keyphraseInTitle":{"score":0,"maxScore":9,"error":1}}},"additional":[]},"primary_term":null,"canonical_url":null,"og_title":null,"og_description":null,"og_object_type":"default","og_image_type":"default","og_image_url":null,"og_image_width":null,"og_image_height":null,"og_image_custom_url":null,"og_image_custom_fields":null,"og_video":"","og_custom_url":null,"og_article_section":null,"og_article_tags":null,"twitter_use_og":false,"twitter_card":"default","twitter_image_type":"default","twitter_image_url":null,"twitter_image_custom_url":null,"twitter_image_custom_fields":null,"twitter_title":null,"twitter_description":null,"schema":{"blockGraphs":[],"customGraphs":[],"default":{"data":{"Article":[],"Course":[],"Dataset":[],"FAQPage":[],"Movie":[],"Person":[],"Product":[],"ProductReview":[],"Car":[],"Recipe":[],"Service":[],"SoftwareApplication":[],"WebPage":[]},"graphName":"WebPage","isEnabled":true},"graphs":[]},"schema_type":"default","schema_type_options":null,"pillar_content":false,"robots_default":true,"robots_noindex":false,"robots_noarchive":false,"robots_nosnippet":false,"robots_nofollow":false,"robots_noimageindex":false,"robots_noodp":false,"robots_notranslate":false,"robots_max_snippet":"-1","robots_max_videopreview":"-1","robots_max_imagepreview":"large","priority":null,"frequency":"default","local_seo":null,"seo_analyzer_scan_date":"2025-08-14 22:37:10","limit_modified_date":false,"open_ai":"{\"title\":{\"suggestions\":[],\"usage\":0},\"description\":{\"suggestions\":[],\"usage\":0}}","ai":null,"created":"2024-04-10 19:23:36","updated":"2025-10-21 20:12:50"},"aioseo_breadcrumb":"<div class=\"aioseo-breadcrumbs\"><span class=\"aioseo-breadcrumb\">\n\t<a href=\"https:\/\/www.smiles4kidsgreeley.com\/es\" title=\"Home\">Home<\/a>\n<\/span><span class=\"aioseo-breadcrumb-separator\">&raquo;<\/span><span class=\"aioseo-breadcrumb\">\n\t<a href=\"https:\/\/www.smiles4kidsgreeley.com\/es\/services\/\" title=\"Services\">Services<\/a>\n<\/span><span class=\"aioseo-breadcrumb-separator\">&raquo;<\/span><span class=\"aioseo-breadcrumb\">\n\t<a href=\"https:\/\/www.smiles4kidsgreeley.com\/es\/services\/general-dentist-for-children\/\" title=\"General Dentist for Children\">General Dentist for Children<\/a>\n<\/span><span class=\"aioseo-breadcrumb-separator\">&raquo;<\/span><span class=\"aioseo-breadcrumb\">\n\tDental Crowns\n<\/span><\/div>","aioseo_breadcrumb_json":[{"label":"Home","link":"https:\/\/www.smiles4kidsgreeley.com\/es"},{"label":"Services","link":"https:\/\/www.smiles4kidsgreeley.com\/es\/services\/"},{"label":"General Dentist for Children","link":"https:\/\/www.smiles4kidsgreeley.com\/es\/services\/general-dentist-for-children\/"},{"label":"Dental Crowns","link":"https:\/\/www.smiles4kidsgreeley.com\/es\/services\/general-dentist-for-children\/dental-crowns\/"}],"_links":{"self":[{"href":"https:\/\/www.smiles4kidsgreeley.com\/es\/wp-json\/wp\/v2\/pages\/3409","targetHints":{"allow":["GET"]}}],"collection":[{"href":"https:\/\/www.smiles4kidsgreeley.com\/es\/wp-json\/wp\/v2\/pages"}],"about":[{"href":"https:\/\/www.smiles4kidsgreeley.com\/es\/wp-json\/wp\/v2\/types\/page"}],"author":[{"embeddable":true,"href":"https:\/\/www.smiles4kidsgreeley.com\/es\/wp-json\/wp\/v2\/users\/2"}],"replies":[{"embeddable":true,"href":"https:\/\/www.smiles4kidsgreeley.com\/es\/wp-json\/wp\/v2\/comments?post=3409"}],"version-history":[{"count":0,"href":"https:\/\/www.smiles4kidsgreeley.com\/es\/wp-json\/wp\/v2\/pages\/3409\/revisions"}],"up":[{"embeddable":true,"href":"https:\/\/www.smiles4kidsgreeley.com\/es\/wp-json\/wp\/v2\/pages\/3299"}],"wp:featuredmedia":[{"embeddable":true,"href":"https:\/\/www.smiles4kidsgreeley.com\/es\/wp-json\/wp\/v2\/media\/3425"}],"wp:attachment":[{"href":"https:\/\/www.smiles4kidsgreeley.com\/es\/wp-json\/wp\/v2\/media?parent=3409"}],"curies":[{"name":"wp","href":"https:\/\/api.w.org\/{rel}","templated":true}]}}